{"id":38,"date":"2024-12-06T09:12:28","date_gmt":"2024-12-06T08:12:28","guid":{"rendered":"https:\/\/pagesperso.g-scop.grenoble-inp.fr\/pierrehoppenot\/?page_id=38"},"modified":"2025-06-02T13:13:40","modified_gmt":"2025-06-02T11:13:40","slug":"teaching","status":"publish","type":"page","link":"https:\/\/pagesperso.g-scop.grenoble-inp.fr\/pierrehoppenot\/teaching\/","title":{"rendered":"Teaching"},"content":{"rendered":"\n<h2 class=\"wp-block-heading\">2023-2024<\/h2>\n\n\n\n<ul class=\"wp-block-list\">\n<li><strong>Recherche op\u00e9rationnelle<\/strong> (33h)<br>Travaux dirig\u00e9s en premi\u00e8re ann\u00e9e \u00e0 l&rsquo;<a href=\"https:\/\/ensimag.grenoble-inp.fr\/\" target=\"_blank\" rel=\"noreferrer noopener\">Ensimag<\/a> (\u00e9quivalent L3).<\/li>\n<\/ul>\n\n\n\n<ul class=\"wp-block-list\">\n<li><strong>Mod\u00e9lisation des structures informatiques<\/strong> (30h)<br>Travaux dirig\u00e9s en L1.<\/li>\n<\/ul>\n\n\n\n<h2 class=\"wp-block-heading\">2024-2025<\/h2>\n\n\n\n<ul class=\"wp-block-list\">\n<li><strong>Algorithmique et Programmation Fonctionnelle<\/strong> (42h)<br>Travaux pratiques et dirig\u00e9s en L1.<\/li>\n<\/ul>\n\n\n\n<ul class=\"wp-block-list\">\n<li><strong>Syst\u00e8me et environnements de programmation<\/strong> (16h30)<br>Travaux dirig\u00e9s en L1.<\/li>\n<\/ul>\n\n\n\n<p><\/p>\n","protected":false},"excerpt":{"rendered":"<p>2023-2024 2024-2025<\/p>\n","protected":false},"author":24,"featured_media":0,"parent":0,"menu_order":0,"comment_status":"closed","ping_status":"closed","template":"templates\/template-onecolumn.php","meta":{"footnotes":""},"class_list":["post-38","page","type-page","status-publish","hentry"],"_links":{"self":[{"href":"https:\/\/pagesperso.g-scop.grenoble-inp.fr\/pierrehoppenot\/wp-json\/wp\/v2\/pages\/38","targetHints":{"allow":["GET"]}}],"collection":[{"href":"https:\/\/pagesperso.g-scop.grenoble-inp.fr\/pierrehoppenot\/wp-json\/wp\/v2\/pages"}],"about":[{"href":"https:\/\/pagesperso.g-scop.grenoble-inp.fr\/pierrehoppenot\/wp-json\/wp\/v2\/types\/page"}],"author":[{"embeddable":true,"href":"https:\/\/pagesperso.g-scop.grenoble-inp.fr\/pierrehoppenot\/wp-json\/wp\/v2\/users\/24"}],"replies":[{"embeddable":true,"href":"https:\/\/pagesperso.g-scop.grenoble-inp.fr\/pierrehoppenot\/wp-json\/wp\/v2\/comments?post=38"}],"version-history":[{"count":10,"href":"https:\/\/pagesperso.g-scop.grenoble-inp.fr\/pierrehoppenot\/wp-json\/wp\/v2\/pages\/38\/revisions"}],"predecessor-version":[{"id":57,"href":"https:\/\/pagesperso.g-scop.grenoble-inp.fr\/pierrehoppenot\/wp-json\/wp\/v2\/pages\/38\/revisions\/57"}],"wp:attachment":[{"href":"https:\/\/pagesperso.g-scop.grenoble-inp.fr\/pierrehoppenot\/wp-json\/wp\/v2\/media?parent=38"}],"curies":[{"name":"wp","href":"https:\/\/api.w.org\/{rel}","templated":true}]}}