{"id":46,"date":"2018-12-12T10:51:14","date_gmt":"2018-12-12T09:51:14","guid":{"rendered":"https:\/\/pagesperso.g-scop.grenoble-inp.fr\/olivierszydlo\/?page_id=46"},"modified":"2023-08-18T10:20:34","modified_gmt":"2023-08-18T08:20:34","slug":"accueil","status":"publish","type":"page","link":"https:\/\/pagesperso.g-scop.grenoble-inp.fr\/olivierszydlo\/","title":{"rendered":"Accueil"},"content":{"rendered":"\n<p>Olivier Szydlo, membre de l&rsquo;\u00e9quipe Administration Syst\u00e8mes et R\u00e9seaux du laboratoire G-SCOP.<br><\/p>\n\n\n\n<figure class=\"wp-block-image size-full\"><img loading=\"lazy\" decoding=\"async\" width=\"291\" height=\"123\" src=\"https:\/\/pagesperso.g-scop.grenoble-inp.fr\/olivierszydlo\/wp-content\/uploads\/sites\/3\/2023\/08\/contact_os.png\" alt=\"\" class=\"wp-image-99\" srcset=\"https:\/\/pagesperso.g-scop.grenoble-inp.fr\/olivierszydlo\/wp-content\/uploads\/sites\/3\/2023\/08\/contact_os.png 291w, https:\/\/pagesperso.g-scop.grenoble-inp.fr\/olivierszydlo\/wp-content\/uploads\/sites\/3\/2023\/08\/contact_os-150x63.png 150w, https:\/\/pagesperso.g-scop.grenoble-inp.fr\/olivierszydlo\/wp-content\/uploads\/sites\/3\/2023\/08\/contact_os-250x106.png 250w\" sizes=\"auto, (max-width: 291px) 100vw, 291px\" \/><\/figure>\n","protected":false},"excerpt":{"rendered":"<p>Olivier Szydlo, membre de l&rsquo;\u00e9quipe Administration Syst\u00e8mes et R\u00e9seaux du laboratoire G-SCOP.<\/p>\n","protected":false},"author":3,"featured_media":0,"parent":0,"menu_order":0,"comment_status":"closed","ping_status":"closed","template":"","meta":{"footnotes":""},"class_list":["post-46","page","type-page","status-publish","hentry"],"_links":{"self":[{"href":"https:\/\/pagesperso.g-scop.grenoble-inp.fr\/olivierszydlo\/wp-json\/wp\/v2\/pages\/46","targetHints":{"allow":["GET"]}}],"collection":[{"href":"https:\/\/pagesperso.g-scop.grenoble-inp.fr\/olivierszydlo\/wp-json\/wp\/v2\/pages"}],"about":[{"href":"https:\/\/pagesperso.g-scop.grenoble-inp.fr\/olivierszydlo\/wp-json\/wp\/v2\/types\/page"}],"author":[{"embeddable":true,"href":"https:\/\/pagesperso.g-scop.grenoble-inp.fr\/olivierszydlo\/wp-json\/wp\/v2\/users\/3"}],"replies":[{"embeddable":true,"href":"https:\/\/pagesperso.g-scop.grenoble-inp.fr\/olivierszydlo\/wp-json\/wp\/v2\/comments?post=46"}],"version-history":[{"count":6,"href":"https:\/\/pagesperso.g-scop.grenoble-inp.fr\/olivierszydlo\/wp-json\/wp\/v2\/pages\/46\/revisions"}],"predecessor-version":[{"id":100,"href":"https:\/\/pagesperso.g-scop.grenoble-inp.fr\/olivierszydlo\/wp-json\/wp\/v2\/pages\/46\/revisions\/100"}],"wp:attachment":[{"href":"https:\/\/pagesperso.g-scop.grenoble-inp.fr\/olivierszydlo\/wp-json\/wp\/v2\/media?parent=46"}],"curies":[{"name":"wp","href":"https:\/\/api.w.org\/{rel}","templated":true}]}}