{"id":4,"date":"2020-04-08T10:53:10","date_gmt":"2020-04-08T08:53:10","guid":{"rendered":"https:\/\/pagesperso.g-scop.grenoble-inp.fr\/moritzmuhlenthaler\/?page_id=4"},"modified":"2022-10-17T12:08:53","modified_gmt":"2022-10-17T10:08:53","slug":"accueil","status":"publish","type":"page","link":"https:\/\/pagesperso.g-scop.grenoble-inp.fr\/moritzmuhlenthaler\/","title":{"rendered":"Accueil"},"content":{"rendered":"\n<p>I am Ma\u00eetre de Conf\u00e9rences at Laboratoire G-SCOP, Grenoble INP.<\/p>\n\n\n\n<p>My research interests are (mainly)<\/p>\n\n\n\n<ul class=\"wp-block-list\"><li>Algorithms and Complexity<\/li><li>Graphs and Matroids<\/li><li>Combinatorial Reconfiguration<\/li><li>Combinatorial Optimization<\/li><\/ul>\n\n\n\n<p id=\"block-ee76c79a-3340-4785-98fb-36f5685fd9fa\">You can find me here:<\/p>\n\n\n\n<pre class=\"wp-block-verse\">Office H323 (b\u00e2timent H)\n46 Avenue F\u00e9lix Viallet\n38000 Grenoble\n\nemail: &lt;pr\u00e9nom&gt;.&lt;nom de famille&gt;@grenoble-inp.fr\n<\/pre>\n","protected":false},"excerpt":{"rendered":"<p>I am Ma\u00eetre de Conf\u00e9rences at Laboratoire G-SCOP, Grenoble INP. My research interests are (mainly) Algorithms and Complexity Graphs and Matroids Combinatorial Reconfiguration Combinatorial Optimization You can find me here: Office H323 (b\u00e2timent H) 46 Avenue F\u00e9lix Viallet 38000 Grenoble email: &lt;pr\u00e9nom&gt;.&lt;nom de famille&gt;@grenoble-inp.fr<\/p>\n","protected":false},"author":10,"featured_media":0,"parent":0,"menu_order":0,"comment_status":"closed","ping_status":"closed","template":"","meta":{"footnotes":""},"class_list":["post-4","page","type-page","status-publish","hentry"],"_links":{"self":[{"href":"https:\/\/pagesperso.g-scop.grenoble-inp.fr\/moritzmuhlenthaler\/wp-json\/wp\/v2\/pages\/4","targetHints":{"allow":["GET"]}}],"collection":[{"href":"https:\/\/pagesperso.g-scop.grenoble-inp.fr\/moritzmuhlenthaler\/wp-json\/wp\/v2\/pages"}],"about":[{"href":"https:\/\/pagesperso.g-scop.grenoble-inp.fr\/moritzmuhlenthaler\/wp-json\/wp\/v2\/types\/page"}],"author":[{"embeddable":true,"href":"https:\/\/pagesperso.g-scop.grenoble-inp.fr\/moritzmuhlenthaler\/wp-json\/wp\/v2\/users\/10"}],"replies":[{"embeddable":true,"href":"https:\/\/pagesperso.g-scop.grenoble-inp.fr\/moritzmuhlenthaler\/wp-json\/wp\/v2\/comments?post=4"}],"version-history":[{"count":7,"href":"https:\/\/pagesperso.g-scop.grenoble-inp.fr\/moritzmuhlenthaler\/wp-json\/wp\/v2\/pages\/4\/revisions"}],"predecessor-version":[{"id":46,"href":"https:\/\/pagesperso.g-scop.grenoble-inp.fr\/moritzmuhlenthaler\/wp-json\/wp\/v2\/pages\/4\/revisions\/46"}],"wp:attachment":[{"href":"https:\/\/pagesperso.g-scop.grenoble-inp.fr\/moritzmuhlenthaler\/wp-json\/wp\/v2\/media?parent=4"}],"curies":[{"name":"wp","href":"https:\/\/api.w.org\/{rel}","templated":true}]}}