{"id":69,"date":"2022-11-25T22:36:06","date_gmt":"2022-11-25T21:36:06","guid":{"rendered":"https:\/\/pagesperso.g-scop.grenoble-inp.fr\/irenegannaz\/?page_id=69"},"modified":"2026-02-27T21:01:28","modified_gmt":"2026-02-27T20:01:28","slug":"curriculum-vitae","status":"publish","type":"page","link":"https:\/\/pagesperso.g-scop.grenoble-inp.fr\/irenegannaz\/curriculum-vitae\/","title":{"rendered":"Curriculum Vitae"},"content":{"rendered":"\n<div class=\"wp-block-group\"><div class=\"wp-block-group__inner-container is-layout-constrained wp-block-group-is-layout-constrained\">\n<figure class=\"wp-block-table is-style-stripes\">\n<table style=\"text-align: left;height: 449px\" border=\"0\" width=\"951\" cellspacing=\"10\" cellpadding=\"2\">\n<tbody>\n<tr>\n<td style=\"vertical-align: top;width: 100px;text-align: left\">Since 2022\u00a0<\/td>\n<td style=\"vertical-align: top;text-align: justify\"><strong>Associate professor<\/strong> at the <a href=\"https:\/\/genie-industriel.grenoble-inp.fr\/\" target=\"_blank\" rel=\"noreferrer noopener\">Industrial Engineering &amp; Management School<\/a> at Grenoble Institute of Technology, UGA, and in the GROG team of <a href=\"https:\/\/g-scop.grenoble-inp.fr\/\" target=\"_blank\" rel=\"noreferrer noopener\">G-SCOP<\/a> laboratory.<\/td>\n<\/tr>\n<tr>\n<td style=\"vertical-align: top;width: 140px;text-align: left\">2023\u00a0<\/td>\n<td style=\"vertical-align: top;text-align: justify\"><strong>Habilitation thesis<\/strong> (HDR &#8211; accreditation to supervise research).<\/td>\n<\/tr>\n<tr>\n<td style=\"vertical-align: top;width: 140px;text-align: left\">2008\u00a0&#8211;\u00a02022\u00a0<\/td>\n<td style=\"vertical-align: top;text-align: justify\"><strong>Associate professor<\/strong> at <a href=\"http:\/\/www.insa-lyon.fr\/\">INSA of Lyon<\/a>. Research at <a href=\"http:\/\/math.univ-lyon1.fr\/\">Camille Jordan Institute<\/a> and teaching in <a href=\"http:\/\/if.insa-lyon.fr\/\">computer science department (IF)<\/a> at INSA.<\/td>\n<\/tr>\n<tr>\n<td style=\"vertical-align: top\">2016\u00a0&#8211;\u00a02017<\/td>\n<td style=\"vertical-align: top;text-align: justify\"><strong>Provisional teaching assignment<\/strong> (one semester) at Universit\u00e9 Grenoble Alpes.<\/td>\n<\/tr>\n<tr>\n<td style=\"vertical-align: top\">2013\u00a0&#8211;\u00a02014<\/td>\n<td><strong>Provisional research assignment with CNRS<\/strong> at <a href=\"http:\/\/www.gipsa-lab.fr\/\">GIPSA-lab<\/a>, in Grenoble. My research project dealed with statistical study of brain activity based on functional MRI and MEG recordings.<\/td>\n<\/tr>\n<tr>\n<td style=\"vertical-align: top\">2007\u00a0&#8211;\u00a02008<\/td>\n<td><strong>Research and teaching assistant<\/strong> (ATER) at <a href=\"http:\/\/www.ensimag.fr\/\">ENSIMAG<\/a>, in Grenoble.<\/td>\n<\/tr>\n<tr>\n<td style=\"vertical-align: top\">2004\u00a0&#8211;\u00a02007<\/td>\n<td><strong>Ph.D.<\/strong> in applied mathematics at University Joseph Fourier, Grenoble 1 (now Univ. Grenoble Alpes). The Ph.D. was supervised by Anestis Antoniadis at Laboratoire Jean Kuntzmann (<a href=\"http:\/\/ljk.imag.fr\/\">LJK<\/a>, previously LMC) in Statistics and Stochastic Modelisation team. <strong>Teaching<\/strong> at University Joseph Fourier, in Computer science and Mathematics department.<\/td>\n<\/tr>\n<tr>\n<td style=\"vertical-align: top\">2003\u00a0&#8211;\u00a02004<\/td>\n<td><strong>Master degree<\/strong> : <a href=\"https:\/\/masterfinance.math.univ-paris-diderot.fr\/\">DEA Statistique et Mod\u00e8les Al\u00e9atoires en Economie et Finance de l&rsquo;Universit\u00e9 Paris VII<\/a>.<\/td>\n<\/tr>\n<tr>\n<td style=\"vertical-align: top\">2001\u00a0&#8211;\u00a02004<\/td>\n<td>Graduated of <strong>ENSAE<\/strong> (<a href=\"http:\/\/www.ensae.fr\/\">Ecole Nationale de la Statistique et de l&rsquo;Administration Economique<\/a>) statistician engineer level school.<\/td>\n<\/tr>\n<\/tbody>\n<\/table>\n<\/figure>\n<p>\u00a0<\/p>\n<\/div><\/div>\n","protected":false},"excerpt":{"rendered":"<p>Since 2022\u00a0 Associate professor at the Industrial Engineering &amp; Management School at Grenoble Institute of Technology, UGA, and in the GROG team of G-SCOP laboratory. 2023\u00a0 Habilitation thesis (HDR &#8211; accreditation to supervise research). 2008\u00a0&#8211;\u00a02022\u00a0 Associate professor at INSA of Lyon. Research at Camille Jordan Institute and teaching in computer&#8230; <a class=\"continue-reading-link\" href=\"https:\/\/pagesperso.g-scop.grenoble-inp.fr\/irenegannaz\/curriculum-vitae\/\"> Continue reading <span class=\"meta-nav\">&rarr; <\/span><\/a><\/p>\n","protected":false},"author":20,"featured_media":146,"parent":0,"menu_order":1,"comment_status":"closed","ping_status":"closed","template":"","meta":{"footnotes":""},"class_list":["post-69","page","type-page","status-publish","has-post-thumbnail","hentry"],"_links":{"self":[{"href":"https:\/\/pagesperso.g-scop.grenoble-inp.fr\/irenegannaz\/wp-json\/wp\/v2\/pages\/69","targetHints":{"allow":["GET"]}}],"collection":[{"href":"https:\/\/pagesperso.g-scop.grenoble-inp.fr\/irenegannaz\/wp-json\/wp\/v2\/pages"}],"about":[{"href":"https:\/\/pagesperso.g-scop.grenoble-inp.fr\/irenegannaz\/wp-json\/wp\/v2\/types\/page"}],"author":[{"embeddable":true,"href":"https:\/\/pagesperso.g-scop.grenoble-inp.fr\/irenegannaz\/wp-json\/wp\/v2\/users\/20"}],"replies":[{"embeddable":true,"href":"https:\/\/pagesperso.g-scop.grenoble-inp.fr\/irenegannaz\/wp-json\/wp\/v2\/comments?post=69"}],"version-history":[{"count":16,"href":"https:\/\/pagesperso.g-scop.grenoble-inp.fr\/irenegannaz\/wp-json\/wp\/v2\/pages\/69\/revisions"}],"predecessor-version":[{"id":332,"href":"https:\/\/pagesperso.g-scop.grenoble-inp.fr\/irenegannaz\/wp-json\/wp\/v2\/pages\/69\/revisions\/332"}],"wp:featuredmedia":[{"embeddable":true,"href":"https:\/\/pagesperso.g-scop.grenoble-inp.fr\/irenegannaz\/wp-json\/wp\/v2\/media\/146"}],"wp:attachment":[{"href":"https:\/\/pagesperso.g-scop.grenoble-inp.fr\/irenegannaz\/wp-json\/wp\/v2\/media?parent=69"}],"curies":[{"name":"wp","href":"https:\/\/api.w.org\/{rel}","templated":true}]}}