{"id":10,"date":"2022-11-22T10:20:03","date_gmt":"2022-11-22T09:20:03","guid":{"rendered":"https:\/\/pagesperso.g-scop.grenoble-inp.fr\/irenegannaz\/?page_id=10"},"modified":"2026-02-27T21:18:03","modified_gmt":"2026-02-27T20:18:03","slug":"publications","status":"publish","type":"page","link":"https:\/\/pagesperso.g-scop.grenoble-inp.fr\/irenegannaz\/research\/publications\/","title":{"rendered":"Publications"},"content":{"rendered":"<p style=\"margin-bottom: 40px\">List of publications on HAL: <a href=\"https:\/\/haltools.archives-ouvertes.fr\/Public\/afficheRequetePubli.php?idHal=gannaz&amp;typdoc=(%27ART%27,%27COMM%27,%27POSTER%27,%27PROCEEDINGS%27,%27ISSUE%27,%27OUV%27,%27COUV%27,%27PATENT%27,%27UNDEFINED%27,%27REPORT%27,%27THESE%27,%27HDR%27,%27SOFTWARE%27)&amp;CB_auteur=oui&amp;CB_titre=oui&amp;CB_article=oui&amp;langue=Anglais&amp;tri_exp=typdoc&amp;tri_exp2=annee_publi&amp;tri_exp3=auteur_exp&amp;ordre_aff=TA&amp;Fen=Aff&amp;css=..\/css\/VisuRubriqueEncadre.css\" target=\"_blank\" rel=\"noopener\">&lt;link&gt;<\/a>.<\/p>\n<h4><span style=\"font-weight: bold;padding-bottom: 25px\"> Articles in journals with reviewing committee<\/span><\/h4>\n<p style=\"padding-left: 40px;text-align: justify\">Luca Castelli, Ir\u00e8ne Gannaz, Cl\u00e9ment Marteau (2025). A non-asymptotic analysis of the single component PLS regression. Scandinavian Journal of Statistics. Vol 52, N\u00b0 4, pp 2314-2351. <a href=\"http:\/\/doi.org\/10.1111\/sjos.70028\" target=\"_blank\" rel=\"noopener\">&lt;link&gt;<\/a> <a href=\"https:\/\/hal.science\/hal-04237950\">(prebublication<\/a>)<\/p>\n<p style=\"padding-left: 40px;text-align: justify\">Antoine Rolland, Jean-Baptiste Aubin, Ir\u00e8ne Gannaz, Samuela Leoni (2024). Probabilistic models of profiles for voting by evaluation. Social Choice and Welfare, Vol 63, pp 377-400. <a href=\"https:\/\/doi.org\/10.1007\/s00355-024-01535-0\" target=\"_blank\" rel=\"noopener\">&lt;link&gt;<\/a> <a href=\"https:\/\/hal.science\/hal-04631154\">(prebublication<\/a>)<\/p>\n<p style=\"padding-left: 40px;text-align: justify\">Sophie Achard, Ir\u00e8ne Gannaz (2024). Local Whittle estimation with (quasi-)analytic wavelets. Journal of Time Series Analysis, Vol 45, pp 421-443. <a href=\"https:\/\/doi.org\/10.1111\/jtsa.12719\" target=\"_blank\" rel=\"noopener\">&lt;link&gt;<\/a> <a href=\"https:\/\/hal.science\/hal-03272326v3\">(prebublication<\/a>)<\/p>\n<p style=\"padding-left: 40px;text-align: justify\">Ir\u00e8ne Gannaz (2023). Asymptotic normality of wavelet covariances and of multivariate wavelet Whittle estimators. Stochastic Processes and their Applications, Vol 155, pp 485-534. <a href=\"https:\/\/doi.org\/10.1016\/j.spa.2022.10.012\" target=\"_blank\" rel=\"noopener\">&lt;link&gt;<\/a> <a href=\"https:\/\/hal.archives-ouvertes.fr\/hal-03068460\">(prebublication<\/a>)<\/p>\n<p style=\"padding-left: 40px;text-align: justify\">Martial Amovin-Assagba, Ir\u00e8ne Gannaz, Julien Jacques (2022). Outlier detection in multivariate functional data through a contaminated mixture model. Computational Statistics and Data Analysis, Vol 174, pp. 107496. <a href=\"https:\/\/doi.org\/10.1016\/j.csda.2022.107496\" target=\"_blank\" rel=\"noopener\">&lt;link&gt;<\/a> (<a href=\"https:\/\/hal.archives-ouvertes.fr\/hal-03255849\">pr\u00e9publication<\/a>)<\/p>\n<p style=\"padding-left: 40px;text-align: justify\">Jean-Baptiste Aubin, Ir\u00e8ne Gannaz, Samuela Leoni, Antoine Rolland (2022). Deepest Voting: a new way of electing. Mathematical Social Sciences, Vol 116, pp 1-16. <a href=\"https:\/\/doi.org\/10.1016\/j.mathsocsci.2021.12.006\" target=\"_blank\" rel=\"noopener\">&lt;link&gt;<\/a> (<a href=\"https:\/\/hal.archives-ouvertes.fr\/hal-03192793\">prebublication<\/a>)<\/p>\n<p style=\"padding-left: 40px;text-align: justify\">Sophie Achard, Marianne Clausel, Ir\u00e8ne Gannaz, Fran\u00e7ois Roueff (2020). New results on approximate Hilbert pairs of wavelet filters with common factor structure. Applied and Computational Harmonic Analysis, Vol 49, N\u00b03, pp 1025-1045. <a href=\"https:\/\/doi.org\/10.1016\/j.acha.2019.06.001\" target=\"_blank\" rel=\"noopener\">&lt;link&gt;<\/a> (<a href=\"https:\/\/hal.archives-ouvertes.fr\/hal-01613583\">prebublication<\/a>)<\/p>\n<p style=\"padding-left: 40px;text-align: justify\">Sophie Achard, Ir\u00e8ne Gannaz (2019). Wavelet-based multivariate Whittle estimation, comparison with Fourier: multiwave. Journal of Statistical Software, Vol 69, N\u00b06, pp 1-31. <a href=\"http:\/\/dx.doi.org\/10.18637\/jss.v089.i06\" target=\"_blank\" rel=\"noopener\">&lt;link&gt;<\/a> <a href=\"publications.html#codes\">[Software]<\/a><\/p>\n<p style=\"padding-left: 40px;text-align: justify\">Sophie Achard, Ir\u00e8ne Gannaz (2016). Multivariate wavelet Whittle estimation in long-range dependence. Journal of Time Series Analysis, Vol 37, pp 476-512. <a href=\"http:\/\/dx.doi.org\/10.1111\/jtsa.12170\" target=\"_blank\" rel=\"noopener\">&lt;link&gt;<\/a> (<a href=\"http:\/\/arxiv.org\/pdf\/1412.0391.pdf\">prebublication<\/a>)<\/p>\n<p style=\"padding-left: 40px;text-align: justify\">Ir\u00e8ne Gannaz (2013). Wavelet penalized likelihood estimation in generalized functional models. TEST, Vol 22, N\u00b01, pp 122-158. <a href=\"http:\/\/dx.doi.org\/10.1007\/s11749-012-0310-6\" target=\"_blank\" rel=\"noopener\">&lt;link&gt;<\/a> (<a href=\"research\/2013_gannaz.pdf\">prebublication<\/a>)<\/p>\n<p style=\"padding-left: 40px;text-align: justify\">Ir\u00e8ne Gannaz, Olivier Wintenberger (2010). Adaptive density estimation under weak dependence. ESAIM: Probability and Statistics, Vol 14, pp 151-172. <a href=\"http:\/\/dx.doi.org\/10.1051\/ps:2008025\" target=\"_blank\" rel=\"noopener\">&lt;link&gt;<\/a> (<a href=\"research\/2010_gannaz_wintenberger.pdf\">prebublication<\/a>)<\/p>\n<p style=\"padding-left: 40px;text-align: justify\">Ir\u00e8ne Gannaz (2007). Robust estimation and wavelet thresholding in partially linear models. Statistics and Computing, Vol 17, N\u00b0 4, pp 293-310. <a href=\"http:\/\/dx.doi.org\/10.1007\/s11222-007-9019-x\" target=\"_blank\" rel=\"noopener\">&lt;link&gt;<\/a> (<a href=\"https:\/\/hal.science\/hal-00118237\/document\">pr\u00e9publication<\/a>)<\/p>\n<h4><span style=\"font-weight: bold\"> International conference proceedings and book chapters<\/span><\/h4>\n<p style=\"padding-left: 40px;text-align: justify\">Ahmad Rezaee, Abdourahim Sylla, Ir\u00e8ne Gannaz, Pierre David, Fr\u00e9d\u00e9ric Guerre-Chaley (2025). Data Driven Production Bottleneck Detection in a Bearing Manufacturing Line. 11th IFAC Conference on Manufacturing Modelling, Management and Control, Trondheim, Norway. <a href=\"https:\/\/www.sciencedirect.com\/science\/article\/pii\/S2405896325010717\" target=\"_blank\" rel=\"noopener\">&lt;link&gt;<\/a><\/p>\n<p style=\"padding-left: 40px;text-align: justify\">Alice Chevaux, Ali Fahkar, K\u00e9vin Polisano, Ir\u00e8ne Gannaz, Sophie Achard (2025). Benchmarking Brain Connectivity Graph Inference: A Novel Validation Approach. 33rd European Signal Processing Conference (EUSIPCO), Palerme, Italy. <a href=\"https:\/\/hal.science\/hal-04995510\" target=\"_blank\" rel=\"noopener\">&lt;link&gt;<\/a><\/p>\n<p style=\"padding-left: 40px;text-align: justify\">Ali Fahkar, K\u00e9vin Polisano, Ir\u00e8ne Gannaz, Sophie Achard (2025). Generating Correlation Matrices with Graph Structures Using Convex Optimization. IEEE Statistical Signal Processing Workshop (SSP), Edinbourg, United Kingdom. <a href=\"https:\/\/hal.science\/hal-04963660\" target=\"_blank\" rel=\"noopener\">&lt;link&gt;<\/a><\/p>\n<p style=\"padding-left: 40px;text-align: justify\">Sophie Achard, Pierre Borgnat, Ir\u00e8ne Gannaz, Marine Roux (2019). Wavelet-based graph inference using multiple testing. In Wavelets and Sparsity XVIII (Vol. 11138, p. 1113811). International Society for Optics and Photonics. <a href=\"http:\/\/dx.doi.org\/10.1117\/12.2529193\" target=\"_blank\" rel=\"noopener\">&lt;link&gt;<\/a> (<a href=\"https:\/\/hal.science\/hal-02399391\/document\">prepublication<\/a>)<\/p>\n<p style=\"padding-left: 40px;text-align: justify\">Sophie Achard, Ir\u00e8ne Gannaz (2018). Wavelet Whittle Estimation in Multivariate Time Series Models: Application to fMRI Data. In: Bertail P., Blanke D., Cornillon PA., Matzner-L\u00f8ber E. (eds) Nonparametric Statistics. ISNPS 2016. Springer Proceedings in Mathematics &amp; Statistics, vol 250. Springer, Cham.<\/p>\n<p style=\"padding-left: 40px;text-align: justify\">Ir\u00e8ne Gannaz, Sophie Achard, Marianne Clausel, Fran\u00e7ois Roueff (2017). Analytic wavelets for multivariate time series analysis. In Wavelets and Sparsity XVII (Vol. 10394, p. 103941X). International Society for Optics and Photonics. <a href=\"http:\/\/dx.doi.org\/10.1117\/12.2272928\" target=\"_blank\" rel=\"noopener\">&lt;link&gt;<\/a> (<a href=\"https:\/\/hal.science\/hal-01618447\/document\">prepublication<\/a>)<\/p>\n<p style=\"padding-left: 40px;text-align: justify\">Ir\u00e8ne Gannaz (2014). Classification of EEG recordings in auditory brain activity via a logistic functional linear regression model. Contributions in infinite-dimensional statistics and related topics, International Workshop on Functional and Operatorial Statistics. <a href=\"http:\/\/dx.doi.org\/10.15651\/978-88-748-8763-7\" target=\"_blank\" rel=\"noopener\">&lt;link&gt;<\/a> (<a href=\"https:\/\/hal.science\/hal-00830313\/document\">prepublication<\/a>)<\/p>\n<h4><span style=\"font-weight: bold\"> National conference proceedings (in french)<\/span><\/h4>\n<p style=\"padding-left: 40px;text-align: justify\">A. Fahkar, K. Polisano, I. Gannaz, S. Achard (2025). G\u00e9n\u00e9ration de Matrices de Corr\u00e9lation avec des Structures de Graphe par Optimisation Convexe. GRETSI 2025 &#8211; XXXe Colloque Francophone de Traitement du Signal et des Images. <a href=\"https:\/\/hal.science\/hal-05004357\" target=\"_blank\" rel=\"noopener\">&lt;link&gt;<\/a><\/p>\n<p style=\"padding-left: 40px;text-align: justify\">L. Castelli, I. Gannaz, C. Marteau (2025). R\u00e9gularisation Ridge de la r\u00e9gression PLS. 56\u00e8mes Journ\u00e9es de Statistique de la Soci\u00e9t\u00e9 Fran\u00e7aise de Statistique.<\/p>\n<p style=\"padding-left: 40px;text-align: justify\">A. Fakhar, S. Achard, I. Gannaz, K. Polisano (2025). G\u00e9n\u00e9ration de mod\u00e8les graphiques par optimisation. 56\u00e8mes Journ\u00e9es de Statistique de la Soci\u00e9t\u00e9 Fran\u00e7aise de Statistique.<\/p>\n<p style=\"padding-left: 40px;text-align: justify\">JB. Aubin, I. Gannaz, A. Rolland (2025). Vers une carte des \u00e9lections bas\u00e9es sur des \u00e9valuations. 56\u00e8mes Journ\u00e9es de Statistique de la Soci\u00e9t\u00e9 Fran\u00e7aise de Statistique.<\/p>\n<p style=\"padding-left: 40px;text-align: justify\">L. Castelli, I. Gannaz, C. Marteau (2024). A non asymptotic analysis of the first component PLS regression. 55\u00e8mes Journ\u00e9es de Statistique de la Soci\u00e9t\u00e9 Fran\u00e7aise de Statistique. <a href=\"https:\/\/jds2024.sciencesconf.org\/530771\/document\" target=\"_blank\" rel=\"noopener\">&lt;link&gt;<\/a><\/p>\n<p style=\"padding-left: 40px;text-align: justify\">S. Achard, I. Gannaz, K. Polisano (2022). G\u00e9n\u00e9ration de mod\u00e8les graphiques. In GRETSI 2022. <a href=\"http:\/\/gretsi.fr\/data\/colloque\/pdf\/2022_polisano875.pdf\" target=\"_blank\" rel=\"noopener\">&lt;link&gt; <\/a><\/p>\n<p style=\"padding-left: 40px;text-align: justify\">M. Amovin-Assagba, I. Gannaz, J. Jacques (2022). Clustering et d\u00e9tection d&rsquo;anomalies dans les donn\u00e9es fonctionnelles. 53\u00e8mes Journ\u00e9es de Statistique de la Soci\u00e9t\u00e9 Fran\u00e7aise de Statistique. <a href=\"https:\/\/hal.univ-lyon2.fr\/hal-03649201\" target=\"_blank\" rel=\"noopener\">&lt;link&gt;<\/a><\/p>\n<p style=\"padding-left: 40px;text-align: justify\">J.B. Aubin, I. Gannaz, S. Leoni, A. Rolland (2022). Votes par \u00e9valuation avec des fonctions de profondeur. 53\u00e8mes Journ\u00e9es de Statistique de la Soci\u00e9t\u00e9 Fran\u00e7aise de Statistique. <a href=\"https:\/\/jds22.sciencesconf.org\/data\/pages\/LivretJdS22_version_longue.pdf#page=814\" target=\"_blank\" rel=\"noopener\">&lt;link&gt;<\/a><\/p>\n<p style=\"padding-left: 40px;text-align: justify\">M. Amovin-Assagba, J. Jacques, I. Gannaz, F. Fossi, J. Mozul (2020). D\u00e9tection d&rsquo;anomalies dans des donn\u00e9es fonctionnelles multivari\u00e9es. 52\u00e8mes Journ\u00e9es de Statistiques de la SFdS.<a href=\"https:\/\/hal.archives-ouvertes.fr\/hal-02987148v1\"> &lt;link&gt;<\/a><\/p>\n<p style=\"padding-left: 40px;text-align: justify\">I. Gannaz, S. Achard, M. Clausel, F. Roueff (2017). Ondelettes analytiques, application \u00e0 l\u2019analyse des processus multivari\u00e9s \u00e0 longue m\u00e9moire. In GRETSI 2017.<a href=\"https:\/\/hal.archives-ouvertes.fr\/hal-01840082\" target=\"_blank\" rel=\"noopener\">&lt;link&gt;<\/a><\/p>\n<p style=\"padding-left: 40px;text-align: justify\">F. Millioz, I. Gannaz (2017). Estimation des param\u00e8tres d\u2019un bruit gaussien g\u00e9n\u00e9ralis\u00e9 bas\u00e9e sur le kurtosis des statistiques minimales. In GRETSI 2017. <a href=\"https:\/\/hal.archives-ouvertes.fr\/hal-01618926\" target=\"_blank\" rel=\"noopener\">&lt;link&gt;<\/a><\/p>\n<p style=\"padding-left: 40px;text-align: justify\">I. Gannaz (2012). Estimation par ondelettes dans des mod\u00e8les fonctionnels g\u00e9n\u00e9ralis\u00e9s. 44\u00e8mes Journ\u00e9es de Statistique de la SFDS.<\/p>\n<h4><span style=\"font-weight: bold\">Industrial Patent<\/span><\/h4>\n<p style=\"padding-left: 40px;text-align: justify\">Fr\u00e9d\u00e9ric Fossi, Martial Amovin-Assagba, Julien Jacques, Ir\u00e8ne Gannaz (2024). Proc\u00e9d\u00e9 et dispositif de pes\u00e9e notamment pour la pes\u00e9e de v\u00e9hicules mont\u00e9s sur roues. France, Patent n\u00b0 FR3143115.<a href=\"https:\/\/hal.archives-ouvertes.fr\/hal-04684683\" target=\"_blank\" rel=\"noopener\">&lt;link&gt;<\/a><\/p>\n<h4><span style=\"font-weight: bold\">Habilitation thesis<\/span>\u00a0<span style=\"font-weight: normal\">(accreditation to supervise research)<\/span><\/h4>\n<p style=\"padding-left: 40px;text-align: justify\">Structure recovery from time dependent data. 2023, INSA Lyon &#8211; Universit\u00e9 Lyon 1. <a href=\"https:\/\/hal.science\/tel-04083433v1\/document\" target=\"_blank\" rel=\"noopener\">&lt;link&gt;<\/a><\/p>\n<h4><span style=\"font-weight: bold\">Ph-Dissertation<\/span><\/h4>\n<p style=\"padding-left: 40px;text-align: justify\">Estimation par ondelettes dans les mod\u00e8les partiellement lin\u00e9aires. 2007, Universit\u00e9 Joseph Fourier, Grenoble (in french). <a href=\"https:\/\/theses.hal.science\/tel-00197146v1\/document\" target=\"_blank\" rel=\"noopener\">&lt;link&gt;<\/a><\/p>\n<h4><span style=\"font-weight: bold\">Software<\/span><\/h4>\n<p style=\"padding-left: 40px;text-align: justify\">Alice Chevaux, Ali Fakhar, K\u00e9vin Polisano, Ir\u00e8ne Gannaz, Sophie Achard (2025). Benchmarking Brain Connectivity Graph Inference: A Novel Validation Approach. Python code. <a href=\"https:\/\/gricad-gitlab.univ-grenoble-alpes.fr\/polisank\/benchmarking-brain-connectivity-graph-inference-a-novel-validation-approach\" target=\"_blank\" rel=\"noopener\">&lt;link&gt;<\/a><\/p>\n<p style=\"padding-left: 80px;text-align: justify\">Associated publication: Alice Chevaux, Ali Fahkar, K\u00e9vin Polisano, Ir\u00e8ne Gannaz, Sophie Achard (2025). Benchmarking Brain Connectivity Graph Inference: A Novel Validation Approach. 33rd European Signal Processing Conference (EUSIPCO), Palerme, Italy. <a href=\"https:\/\/hal.science\/hal-04995510\" target=\"_blank\" rel=\"noopener\">&lt;link&gt;<\/a><\/p>\n<p style=\"padding-left: 40px;text-align: justify\">Ali Fakhar, K\u00e9vin Polisano, Ir\u00e8ne Gannaz, Sophie Achard (2025). Generating Correlation Matrices with Graph Structures Using Convex Optimization. Python code. <a href=\"https:\/\/gricad-gitlab.univ-grenoble-alpes.fr\/polisank\/benchmarking-brain-connectivity-graph-inference-a-novel-validation-approach\" target=\"_blank\" rel=\"noopener\">&lt;link&gt;<\/a><\/p>\n<p style=\"padding-left: 80px;text-align: justify\">Associated publication: Ali Fahkar, K\u00e9vin Polisano, Ir\u00e8ne Gannaz, Sophie Achard (2025) Generating Correlation Matrices with Graph Structures Using Convex Optimization. IEEE Statistical Signal Processing Workshop (SSP), Edinbourg, United Kingdom. <a href=\"https:\/\/hal.science\/hal-04963660\" target=\"_blank\" rel=\"noopener\">&lt;link&gt;<\/a><\/p>\n<p style=\"padding-left: 40px;text-align: justify\">Ir\u00e8ne Gannaz and Marine Roux (2019), R-package <a href=\"https:\/\/CRAN.R-project.org\/package=TestCor\">TestCor<\/a>: FWER and FDR controlling procedures for multiple correlation tests.<\/p>\n<p style=\"padding-left: 80px;text-align: justify\">Associated publication: Marine Roux (2018). Graph inference by multiple testing with application to Neuroimaging, Ph.D., Universit\u00e9 Grenoble Alpes, France. <a href=\"https:\/\/tel.archives-ouvertes.fr\/tel-01971574v1\" target=\"_blank\" rel=\"noopener\">&lt;link&gt;<\/a>.<\/p>\n<p style=\"padding-left: 40px;text-align: justify\">Sophie Achard and Ir\u00e8ne Gannaz (2016), R-package <a href=\"https:\/\/CRAN.R-project.org\/package=multiwave\">multiwave<\/a>: estimation of<br \/>\nmultivariate long-memory models parameters.<\/p>\n<p style=\"padding-left: 80px;text-align: justify\">Associated publication: Sophie Achard, Ir\u00e8ne Gannaz (2019). Wavelet-based multivariate Whittle estimation, comparison with Fourier: multiwave. Journal of Statistical Software, Vol 69, N\u00b06, pp 1-31. <a href=\"http:\/\/dx.doi.org\/10.18637\/jss.v089.i06\" target=\"_blank\" rel=\"noopener\">&lt;link&gt;<\/a><\/p>\n","protected":false},"excerpt":{"rendered":"<p>List of publications on HAL: &lt;link&gt;. Articles in journals with reviewing committee Luca Castelli, Ir\u00e8ne Gannaz, Cl\u00e9ment Marteau (2025). A non-asymptotic analysis of the single component PLS regression. Scandinavian Journal of Statistics. Vol 52, N\u00b0 4, pp 2314-2351. &lt;link&gt; (prebublication) Antoine Rolland, Jean-Baptiste Aubin, Ir\u00e8ne Gannaz, Samuela Leoni (2024). Probabilistic&#8230; <a class=\"continue-reading-link\" href=\"https:\/\/pagesperso.g-scop.grenoble-inp.fr\/irenegannaz\/research\/publications\/\"> Continue reading <span class=\"meta-nav\">&rarr; <\/span><\/a><\/p>\n","protected":false},"author":20,"featured_media":146,"parent":8,"menu_order":2,"comment_status":"closed","ping_status":"closed","template":"","meta":{"footnotes":""},"class_list":["post-10","page","type-page","status-publish","has-post-thumbnail","hentry"],"_links":{"self":[{"href":"https:\/\/pagesperso.g-scop.grenoble-inp.fr\/irenegannaz\/wp-json\/wp\/v2\/pages\/10","targetHints":{"allow":["GET"]}}],"collection":[{"href":"https:\/\/pagesperso.g-scop.grenoble-inp.fr\/irenegannaz\/wp-json\/wp\/v2\/pages"}],"about":[{"href":"https:\/\/pagesperso.g-scop.grenoble-inp.fr\/irenegannaz\/wp-json\/wp\/v2\/types\/page"}],"author":[{"embeddable":true,"href":"https:\/\/pagesperso.g-scop.grenoble-inp.fr\/irenegannaz\/wp-json\/wp\/v2\/users\/20"}],"replies":[{"embeddable":true,"href":"https:\/\/pagesperso.g-scop.grenoble-inp.fr\/irenegannaz\/wp-json\/wp\/v2\/comments?post=10"}],"version-history":[{"count":47,"href":"https:\/\/pagesperso.g-scop.grenoble-inp.fr\/irenegannaz\/wp-json\/wp\/v2\/pages\/10\/revisions"}],"predecessor-version":[{"id":334,"href":"https:\/\/pagesperso.g-scop.grenoble-inp.fr\/irenegannaz\/wp-json\/wp\/v2\/pages\/10\/revisions\/334"}],"up":[{"embeddable":true,"href":"https:\/\/pagesperso.g-scop.grenoble-inp.fr\/irenegannaz\/wp-json\/wp\/v2\/pages\/8"}],"wp:featuredmedia":[{"embeddable":true,"href":"https:\/\/pagesperso.g-scop.grenoble-inp.fr\/irenegannaz\/wp-json\/wp\/v2\/media\/146"}],"wp:attachment":[{"href":"https:\/\/pagesperso.g-scop.grenoble-inp.fr\/irenegannaz\/wp-json\/wp\/v2\/media?parent=10"}],"curies":[{"name":"wp","href":"https:\/\/api.w.org\/{rel}","templated":true}]}}