{"id":60,"date":"2023-05-24T15:14:57","date_gmt":"2023-05-24T13:14:57","guid":{"rendered":"https:\/\/pagesperso.g-scop.grenoble-inp.fr\/aurelielagoutte\/?page_id=60"},"modified":"2023-05-24T16:12:02","modified_gmt":"2023-05-24T14:12:02","slug":"vulgarisation","status":"publish","type":"page","link":"https:\/\/pagesperso.g-scop.grenoble-inp.fr\/aurelielagoutte\/vulgarisation\/","title":{"rendered":"Vulgarisation"},"content":{"rendered":"\n<h2 class=\"wp-block-heading\">Actions visant un public non-sp\u00e9cialiste:<\/h2>\n\n\n\n<ul class=\"wp-block-list\">\n<li>Mars 2023 : Atelier sur la repr\u00e9sentation et la compression d&rsquo;images en noir et blanc, CM1 \u00e9cole Pr\u00e9dieu, Saint-Egreve (Is\u00e8re)<\/li>\n\n\n\n<li>Octobre 2021 et Nov 2019 : speed-meeting  \u00e0 la Journ\u00e9e Filles et Maths pour lyc\u00e9ennes, Clermont-Ferrand<\/li>\n\n\n\n<li>Nov 2018 : autrice d&rsquo;un article dans le magazine Tangente (th\u00e8me du num\u00e9ro : Num\u00e9ration)<br><em>Repr\u00e9sentation des donn\u00e9es en binaire<\/em> (<a href=\"https:\/\/pagesperso.g-scop.grenoble-inp.fr\/aurelielagoutte\/wp-content\/uploads\/sites\/20\/2023\/05\/Article-Tangente.pdf\" data-type=\"attachment\" data-id=\"67\">version pr\u00e9-\u00e9dition<\/a>)<\/li>\n\n\n\n<li>Novembre 2016 : Promenade math\u00e9matiques \u00e0 la Journ\u00e9e Filles et Maths pour lyc\u00e9ennes, Grenoble<br><em><a href=\"https:\/\/pagesperso.g-scop.grenoble-inp.fr\/aurelielagoutte\/wp-content\/uploads\/sites\/20\/2023\/05\/expose.pdf\" data-type=\"attachment\" data-id=\"68\">\u00cates-vous au point sur le coloriage ?<\/a><\/em><\/li>\n\n\n\n<li>Juin 2016 : Expos\u00e9 pour des lyc\u00e9ens participant au concours Alkindi, Maison des Math\u00e9matiques et de l&rsquo;Informatique &#8211; ENS Lyon<br><em><a href=\"https:\/\/pagesperso.g-scop.grenoble-inp.fr\/aurelielagoutte\/wp-content\/uploads\/sites\/20\/2023\/05\/expose-1.pdf\" data-type=\"attachment\" data-id=\"69\">\u00cates-vous au point sur le coloriage <\/a>?<\/em><\/li>\n\n\n\n<li>2014 : relectrice pour un article de lyc\u00e9ens via <em>Maths en Jeans<\/em><\/li>\n<\/ul>\n\n\n\n<p><\/p>\n","protected":false},"excerpt":{"rendered":"<p>Actions visant un public non-sp\u00e9cialiste:<\/p>\n","protected":false},"author":21,"featured_media":0,"parent":0,"menu_order":0,"comment_status":"closed","ping_status":"closed","template":"","meta":{"footnotes":""},"class_list":["post-60","page","type-page","status-publish","hentry"],"_links":{"self":[{"href":"https:\/\/pagesperso.g-scop.grenoble-inp.fr\/aurelielagoutte\/wp-json\/wp\/v2\/pages\/60","targetHints":{"allow":["GET"]}}],"collection":[{"href":"https:\/\/pagesperso.g-scop.grenoble-inp.fr\/aurelielagoutte\/wp-json\/wp\/v2\/pages"}],"about":[{"href":"https:\/\/pagesperso.g-scop.grenoble-inp.fr\/aurelielagoutte\/wp-json\/wp\/v2\/types\/page"}],"author":[{"embeddable":true,"href":"https:\/\/pagesperso.g-scop.grenoble-inp.fr\/aurelielagoutte\/wp-json\/wp\/v2\/users\/21"}],"replies":[{"embeddable":true,"href":"https:\/\/pagesperso.g-scop.grenoble-inp.fr\/aurelielagoutte\/wp-json\/wp\/v2\/comments?post=60"}],"version-history":[{"count":3,"href":"https:\/\/pagesperso.g-scop.grenoble-inp.fr\/aurelielagoutte\/wp-json\/wp\/v2\/pages\/60\/revisions"}],"predecessor-version":[{"id":71,"href":"https:\/\/pagesperso.g-scop.grenoble-inp.fr\/aurelielagoutte\/wp-json\/wp\/v2\/pages\/60\/revisions\/71"}],"wp:attachment":[{"href":"https:\/\/pagesperso.g-scop.grenoble-inp.fr\/aurelielagoutte\/wp-json\/wp\/v2\/media?parent=60"}],"curies":[{"name":"wp","href":"https:\/\/api.w.org\/{rel}","templated":true}]}}