{"id":20,"date":"2023-04-27T13:55:20","date_gmt":"2023-04-27T11:55:20","guid":{"rendered":"https:\/\/pagesperso.g-scop.grenoble-inp.fr\/aurelielagoutte\/?page_id=20"},"modified":"2023-05-26T10:11:08","modified_gmt":"2023-05-26T08:11:08","slug":"liens","status":"publish","type":"page","link":"https:\/\/pagesperso.g-scop.grenoble-inp.fr\/aurelielagoutte\/liens\/","title":{"rendered":"Liens &amp; Contact"},"content":{"rendered":"\n<h3 class=\"wp-block-heading\">Coordonn\u00e9es:<\/h3>\n\n\n\n<p>Bureau H324, G-SCOP, Site Viallet<br>Tel : (+33) 4 76 57 43 76<br>E-mail : prenom.nom@grenoble-inp.fr \/ firstname.lastname@grenoble-inp.fr<\/p>\n\n\n\n<p>Laboratoire G-SCOP<br>46 avenue F\u00e9lix Viallet<br>38 031 Grenoble Cedex 1<br>France<\/p>\n\n\n\n<h3 class=\"wp-block-heading\">Liens utiles:<\/h3>\n\n\n\n<ul class=\"wp-block-list\">\n<li>Un logiciel de dessin vectoriel WYSIWYG qui permet d&rsquo;inclure du texte en Latex, et que j&rsquo;aime beaucoup:&nbsp;<a href=\"http:\/\/ipe.otfried.org\/\">IPE<\/a><\/li>\n\n\n\n<li>Pour surveiller les nouveaux r\u00e9sultats sur Arxiv: les nouveaut\u00e9s de&nbsp;<a href=\"http:\/\/arxiv.org\/list\/cs.DM\/recent\">Discrete Mathematics<\/a>&nbsp;ou de&nbsp;<a href=\"http:\/\/arxiv.org\/list\/math.co\/recent\">Combinatorics<\/a>.<\/li>\n\n\n\n<li>Le site&nbsp;<a href=\"http:\/\/postes.smai.emath.fr\/current\/index.php\">Op\u00e9rations Postes<\/a>, qui regroupe les r\u00e9sultats&nbsp;des concours MCF en maths\/info, mais&nbsp;aussi des offres de post-docs et de bons conseils.<\/li>\n\n\n\n<li>Mailing-lists utiles lorsque l&rsquo;on commence \u00e0 chercher un poste (permanent ou non):&nbsp;<a href=\"http:\/\/postes.smai.emath.fr\/2016\/OUTILS\/koi29\/\">Koi 2 9<\/a>,&nbsp;<a href=\"http:\/\/www.zaik.uni-koeln.de\/AFS\/publications\/dmanet\/\">DMANET<\/a>,&nbsp;<a href=\"https:\/\/galaxie.enseignementsup-recherche.gouv.fr\/antares\/newsletter_01.jsp\">Galaxie<\/a>, et aussi&nbsp;<a href=\"https:\/\/www.gdr-im.fr\/\">gdr-im<\/a>&nbsp;ou&nbsp;<a href=\"http:\/\/gtgraphes.labri.fr\/pmwiki\/pmwiki.php\">gt-graphes<\/a>, ces deux derni\u00e8res&nbsp;regroupant aussi des annonces plus g\u00e9n\u00e9rales (conf\u00e9rences, infos diverses&#8230;). Voir \u00e9galement le site <a href=\"https:\/\/www.mathjobs.org\">MathJobs.org<\/a><\/li>\n\n\n\n<li>L&rsquo;annuaire du GDR-IM (notamment) : <a href=\"https:\/\/mygdr.hosted.lip6.fr\">myGDR<\/a><\/li>\n\n\n\n<li>Des <a href=\"https:\/\/gtgraphes.labri.fr\/pmwiki\/pmwiki.php\/Conseils\/Conseils\">conseils pour candidater MCF<\/a> et des <a href=\"https:\/\/cnu27.univ-lille.fr\">conseils de la CNU27<\/a> pour les missions qu&rsquo;elle g\u00e8re (Qualif, RIPEC, &#8230;)<\/li>\n<\/ul>\n\n\n\n<h3 class=\"wp-block-heading\">Ils sont\/\u00e9taient dans mon bureau quand j&rsquo;\u00e9tais jeune:<\/h3>\n\n\n\n<ul class=\"wp-block-list\">\n<li><a href=\"https:\/\/membres-ljk.imag.fr\/Bruno.Grenet\/\">Bruno Grenet<\/a><\/li>\n\n\n\n<li><a href=\"https:\/\/www.lama.univ-savoie.fr\/pagesmembres\/tavenas\/\">S\u00e9bastien Tavenas<\/a><\/li>\n\n\n\n<li><a href=\"https:\/\/fr.linkedin.com\/in\/th\u00e9ophile-trunck-03622266\">Th\u00e9ophile Trunck<\/a><\/li>\n\n\n\n<li><a href=\"http:\/\/www.sbarbieri.usach.cl\">Sebastian Barbieri<\/a><\/li>\n\n\n\n<li><a href=\"https:\/\/www.lirmm.fr\/~mrosenfeld\/\">Matthieu Rosenfeld<\/a><\/li>\n\n\n\n<li><a href=\"https:\/\/homepages.ecs.vuw.ac.nz\/~bretteni\/\">Nick Brettell<\/a><\/li>\n\n\n\n<li><a href=\"https:\/\/www.lamsade.dauphine.fr\/~aharutyunyan\/\">Ararat Harutyunyan<\/a><\/li>\n\n\n\n<li><a href=\"https:\/\/sites.google.com\/site\/ignaciogarciamarco\/home\">Ignacio Garcia-Marco<\/a><\/li>\n<\/ul>\n","protected":false},"excerpt":{"rendered":"<p>Coordonn\u00e9es: Bureau H324, G-SCOP, Site VialletTel : (+33) 4 76 57 43 76E-mail : prenom.nom@grenoble-inp.fr \/ firstname.lastname@grenoble-inp.fr Laboratoire G-SCOP46 avenue F\u00e9lix Viallet38 031 Grenoble Cedex 1France Liens utiles: Ils sont\/\u00e9taient dans mon bureau quand j&rsquo;\u00e9tais jeune:<\/p>\n","protected":false},"author":1,"featured_media":0,"parent":0,"menu_order":0,"comment_status":"closed","ping_status":"closed","template":"","meta":{"footnotes":""},"class_list":["post-20","page","type-page","status-publish","hentry"],"_links":{"self":[{"href":"https:\/\/pagesperso.g-scop.grenoble-inp.fr\/aurelielagoutte\/wp-json\/wp\/v2\/pages\/20","targetHints":{"allow":["GET"]}}],"collection":[{"href":"https:\/\/pagesperso.g-scop.grenoble-inp.fr\/aurelielagoutte\/wp-json\/wp\/v2\/pages"}],"about":[{"href":"https:\/\/pagesperso.g-scop.grenoble-inp.fr\/aurelielagoutte\/wp-json\/wp\/v2\/types\/page"}],"author":[{"embeddable":true,"href":"https:\/\/pagesperso.g-scop.grenoble-inp.fr\/aurelielagoutte\/wp-json\/wp\/v2\/users\/1"}],"replies":[{"embeddable":true,"href":"https:\/\/pagesperso.g-scop.grenoble-inp.fr\/aurelielagoutte\/wp-json\/wp\/v2\/comments?post=20"}],"version-history":[{"count":9,"href":"https:\/\/pagesperso.g-scop.grenoble-inp.fr\/aurelielagoutte\/wp-json\/wp\/v2\/pages\/20\/revisions"}],"predecessor-version":[{"id":115,"href":"https:\/\/pagesperso.g-scop.grenoble-inp.fr\/aurelielagoutte\/wp-json\/wp\/v2\/pages\/20\/revisions\/115"}],"wp:attachment":[{"href":"https:\/\/pagesperso.g-scop.grenoble-inp.fr\/aurelielagoutte\/wp-json\/wp\/v2\/media?parent=20"}],"curies":[{"name":"wp","href":"https:\/\/api.w.org\/{rel}","templated":true}]}}