{"id":16,"date":"2023-04-27T13:55:00","date_gmt":"2023-04-27T11:55:00","guid":{"rendered":"https:\/\/pagesperso.g-scop.grenoble-inp.fr\/aurelielagoutte\/?page_id=16"},"modified":"2024-09-03T17:20:01","modified_gmt":"2024-09-03T15:20:01","slug":"enseignements","status":"publish","type":"page","link":"https:\/\/pagesperso.g-scop.grenoble-inp.fr\/aurelielagoutte\/enseignements\/","title":{"rendered":"Enseignements"},"content":{"rendered":"\n<h3 class=\"wp-block-heading\">Responsabilit\u00e9s collectives<\/h3>\n\n\n\n<ul class=\"wp-block-list\">\n<li><em>2024-&#8230;<\/em> : responsable de la <a href=\"https:\/\/l3mi.imag.fr\">L3 Maths-Info<\/a> de l&rsquo;Universit\u00e9 Grenoble Alpes<\/li>\n\n\n\n<li><em>2020-2022 :&nbsp;<\/em>Directrice des Etudes de Premi\u00e8re Ann\u00e9e (DEPA) de la&nbsp;<a href=\"https:\/\/www.uca.fr\/formation\/nos-formations\/par-ufr-ecoles-et-iut\/institut-dinformatique\/licence\">Licence informatique<\/a>&nbsp;( = responsable L1 Informatique) de l&rsquo;Universit\u00e9 Clermont Auvergne<\/li>\n\n\n\n<li><em>2018-2022 :<\/em>&nbsp;Ambassadrice Innovation p\u00e9dagogique au sein de ma composante d&rsquo;enseignement (<a href=\"https:\/\/www.isima.fr\">Institut d&rsquo;informatique&nbsp;ISIMA<\/a>)<\/li>\n\n\n\n<li><em>2018-2021 :<\/em>&nbsp;responsable du cycle pr\u00e9paratoire int\u00e9gr\u00e9&nbsp;<a href=\"https:\/\/www.isima.fr\/post-bac\/\">Prep&rsquo;ISIMA<\/a><\/li>\n<\/ul>\n\n\n\n<h3 class=\"wp-block-heading\">Cours en ligne<\/h3>\n\n\n\n<ul class=\"wp-block-list\">\n<li>Vous voulez apprendre \u00e0 programmer en Python, niveau d\u00e9butant? Alors visitez mon&nbsp;<a href=\"http:\/\/caseine.org\/course\/view.php?id=87\">cours ouvert de Python&nbsp;<\/a>sur la&nbsp;<a href=\"http:\/\/caseine.org\/\">plateforme p\u00e9dagogique Caseine,<\/a>&nbsp;avec des exercices \u00e0 correction automatique&nbsp;en compl\u00e9ment&nbsp;des slides.<\/li>\n\n\n\n<li>Visitez ma&nbsp;<a href=\"https:\/\/www.youtube.com\/channel\/UCCz_0b-mu6HLqvhBfiA5ooA\">cha\u00eene Youtube<\/a>&nbsp;si vous souhaitez des vid\u00e9os d&rsquo;Algorithmique interm\u00e9daire (structures de donn\u00e9es en pseudo-code : listes cha\u00een\u00e9es, piles, files, arbes, analyse&nbsp;d&rsquo;algorithme : complexit\u00e9 et invariants simples, r\u00e9cursivit\u00e9, tris) ou de Bases de la num\u00e9ration (Repr\u00e9sentations en binaire, op\u00e9rateurs bool\u00e9ens, tableaux de Karnaugh, circuits logiques combinatoires, &#8230;.)<\/li>\n<\/ul>\n\n\n\n<ul class=\"wp-block-list\"><\/ul>\n\n\n\n<p><\/p>\n\n\n\n<h3 class=\"wp-block-heading\">En ce moment  (Universit\u00e9 Grenoble Alpes):<\/h3>\n\n\n\n<ul class=\"wp-block-list\">\n<li>Responsable de l&rsquo;UE <strong>INF303 : Mod\u00e9lisation des structures informatiques<\/strong>, L2 INM (Th\u00e9orie et Algorithmique des Graphes)<\/li>\n\n\n\n<li>Responsable de l&rsquo;UE <strong>Complexit\u00e9 Algorithmique et Graphes<\/strong>, Polytech INFO4<\/li>\n\n\n\n<li><strong>Graphs and Discrete Structures<\/strong>, M2 ORCO<\/li>\n\n\n\n<li>Responsable de l&rsquo;UE <strong>Graphes et Optimisation Discr\u00e8te<\/strong>, L3 Maths-Info<\/li>\n\n\n\n<li>Remise \u00e0 niveau \u00ab\u00a0Maths\u00a0\u00bb : <strong>Logique dans la pratique <\/strong>pour les L3 Info et L3 Maths-info (<a href=\"https:\/\/pagesperso.g-scop.grenoble-inp.fr\/aurelielagoutte\/wp-content\/uploads\/sites\/20\/2024\/09\/logiquePratique.pdf\" data-type=\"attachment\" data-id=\"146\">Fiche d&rsquo;exercices<\/a>, contenant les liens vers les deux parties de cours)<br><br>Je m&rsquo;appuie sur les ressources du cours ouvert de <a href=\"https:\/\/moodle.caseine.org\/course\/view.php?id=147\">Th\u00e9orie des Graphes sur Caseine<\/a> pour mes cours de graphes.<\/li>\n<\/ul>\n\n\n\n<p><\/p>\n\n\n\n<h3 class=\"wp-block-heading\">2017-2022 (Universit\u00e9 Clermont Auvergne):<\/h3>\n\n\n\n<ul class=\"wp-block-list\">\n<li>Bases de la num\u00e9ration \/ Repr\u00e9sentations en binaire, L1\n<ul class=\"wp-block-list\">\n<li><a href=\"https:\/\/pagesperso.g-scop.grenoble-inp.fr\/aurelielagoutte\/wp-content\/uploads\/sites\/20\/2023\/07\/poly_Repr_binaire.pdf\" data-type=\"attachment\" data-id=\"122\">Notes de cours (poly)<\/a><\/li>\n<\/ul>\n<\/li>\n\n\n\n<li>Introduction \u00e0 la Programmation en C, L1<\/li>\n\n\n\n<li>Algorithmique 1, L1<\/li>\n\n\n\n<li>Programmation Lin\u00e9aire, 1ere ann\u00e9e \u00e9cole d&rsquo;ing\u00e9nieur ISIMA (ZZ1)<\/li>\n\n\n\n<li>Algorthimique et Programmation en Python, PEIP 1ere ann\u00e9e (pr\u00e9pa int\u00e9gr\u00e9e Polytech)<\/li>\n\n\n\n<li>Bases de Donn\u00e9es, L2 Info<\/li>\n\n\n\n<li>Algorithmique et programmation en Python, L1 Maths-Info<\/li>\n\n\n\n<li>Initiation au Shell, L1 Maths-Info<\/li>\n\n\n\n<li>R\u00e9daction math\u00e9matique et informatique, initiation aux outils Git et Latex, L1 Maths-Info<\/li>\n\n\n\n<li>Projet informatique (<em>Python, Git, Latex<\/em>), L1 Maths-Info<\/li>\n\n\n\n<li>Algorithmique partie 1, Formation continue pour futurs enseignants de lyc\u00e9e de NSI (DIU Enseigner l&rsquo;informatique au Lyc\u00e9e)<\/li>\n<\/ul>\n\n\n\n<h3 class=\"wp-block-heading\">2016-2017:<\/h3>\n\n\n\n<ul class=\"wp-block-list\">\n<li><em>Premier semestre<\/em>:\n<ul class=\"wp-block-list\">\n<li><strong>TD de Recherche Op\u00e9rationnelle<\/strong>, en RICM 4 \u00e0 Polytech Grenoble.&nbsp;Responsable du cours:&nbsp;<a href=\"http:\/\/pagesperso.g-scop.grenoble-inp.fr\/~braunern\/\">Nadia Brauner<\/a>.<\/li>\n\n\n\n<li><strong>TD de Graphes et Complexit\u00e9<\/strong>, en RICM 4 \u00e0 Polytech Grenoble. Responsable du cours:&nbsp;<a href=\"https:\/\/www.irif.fr\/en\/users\/matej\/index\">Matej Stehlik<\/a>.<\/li>\n\n\n\n<li><strong>TD de Recherche Op\u00e9rationnelle<\/strong>&nbsp;en L3 MIAGE \u00e0 l&rsquo;Universit\u00e9 Grenoble Alpes.&nbsp;Responsable du cours:&nbsp;<a href=\"https:\/\/www.irif.fr\/en\/users\/matej\/index\">Matej Stehlik<\/a>.<\/li>\n\n\n\n<li>Responsable de&nbsp;la partie&nbsp;<strong>Recherche Op\u00e9rationnelle du&nbsp;Projet Applicatif Integr\u00e9<\/strong>&nbsp;pour les L3 MIAGE \u00e0 l&rsquo;Universit\u00e9 Grenoble Alpes.<\/li>\n\n\n\n<li><strong>TP en C++ de INF303<\/strong>: Mod\u00e9lisation des structures informatiques en L2 Info \u00e0 l&rsquo;Universit\u00e9 Grenoble Alpes.&nbsp;Responsable du cours:&nbsp;<a href=\"https:\/\/www.irif.fr\/en\/users\/matej\/index\">Matej Stehlik<\/a>; Charg\u00e9s de TP des autres groupes: R\u00e9mi de Joannis de Verclos et&nbsp;<a href=\"https:\/\/fc.isima.fr\/~lupasto\/\">Lucas Pastor<\/a><\/li>\n<\/ul>\n<\/li>\n\n\n\n<li><em>Deuxi\u00e8me semestre<\/em>: INF204 &#8211;&nbsp;<strong>Programmation en Python en L1<\/strong>&nbsp;Sciences Pour l&rsquo;Ing\u00e9nieur (groupe SPI-02), Universit\u00e9 Grenoble Alpes. J&rsquo;\u00e9tais d&rsquo;une part en charge d&rsquo;un groupe de Cours-TD, et d&rsquo;autre part en charge du d\u00e9veloppement d&rsquo;exercices dot\u00e9s de correction automatique sur&nbsp;<a href=\"https:\/\/caseine.org\">la plate-forme p\u00e9dagogique Caseine<\/a>.<\/li>\n<\/ul>\n\n\n\n<h3 class=\"wp-block-heading\">2015-2016:<\/h3>\n\n\n\n<ul class=\"wp-block-list\">\n<li><em>Second semestre:&nbsp;<\/em><strong>TD et TP d&rsquo;Architecture Mat\u00e9rielle et Logicielle&nbsp;<\/strong>en L2, au D\u00e9partement Informatique de l&rsquo;Universit\u00e9 Lyon 1 (32h+32h). Responsable du cours:&nbsp;<a href=\"http:\/\/perso.ens-lyon.fr\/nicolas.louvet\/\">Nicolas Louvet<\/a>.<\/li>\n\n\n\n<li><em>Second semestre:&nbsp;<\/em><strong>TD de Probabilit\u00e9s pour l&rsquo;Informatique<\/strong>&nbsp;en L3 \u00e0 l&rsquo;ENS Lyon (32h). Responsable du cours:&nbsp;<a href=\"http:\/\/perso.ens-lyon.fr\/omar.fawzi\/\">Omar Fawzi<\/a>.<\/li>\n<\/ul>\n\n\n\n<h3 class=\"wp-block-heading\">2014-2015:<\/h3>\n\n\n\n<ul class=\"wp-block-list\">\n<li><em>Premier semestre<\/em>:&nbsp;<strong>TP Projet1<\/strong>, partie Caml en L3 \u00e0 l&rsquo;ENS Lyon:<\/li>\n\n\n\n<li><em>Premier semestre<\/em>:<strong>&nbsp;TD d&rsquo;Algorithmique&nbsp;<\/strong>(ALGO1) en L3 \u00e0 l&rsquo;ENS Lyon<\/li>\n<\/ul>\n\n\n\n<h3 class=\"wp-block-heading\">2013-2014:<\/h3>\n\n\n\n<ul class=\"wp-block-list\">\n<li><em>Premier semestre : <\/em><strong>TD d&rsquo;Algorithmique&nbsp;<\/strong>(ALGO1) en L3 \u00e0 l&rsquo;ENS Lyon.<\/li>\n\n\n\n<li><em>Premier semestre:&nbsp;<\/em><strong>TD de Fondements de l&rsquo;Informatique<\/strong>&nbsp;(FDI) en L3 \u00e0 l&rsquo;ENS Lyon.<\/li>\n<\/ul>\n\n\n\n<h3 class=\"wp-block-heading\">2012-2013:<\/h3>\n\n\n\n<ul class=\"wp-block-list\">\n<li><em>Premier semestre:<\/em>&nbsp;<strong>TD et TP de Java&nbsp;<\/strong>(MASS33: Informatique)&nbsp;en Licence MASS, \u00e0 l&rsquo;Universit\u00e9 Claude Bernard &#8211; Lyon 1: le jeudi matin de 8h15 \u00e0 11h30. Responsable du cours: Hamid Ladjal.<\/li>\n\n\n\n<li><em>Deuxi\u00e8me semestre:<\/em>&nbsp;<strong>TD et TP de Scheme<\/strong>&nbsp;(LIF3: Programmation fonctionelle et r\u00e9cursive) en Licence de maths-info, \u00e0 l&rsquo;Universit\u00e9 Claude Bernard &#8211; Lyon 1: TP le mardi matin de 8h30 \u00e0 11h30 et TD le jeudi apr\u00e8s-midi. Responsable du cours: Florence Zara.&nbsp;<a href=\"https:\/\/liris.cnrs.fr\/~fzara\/LIF3\/\">Plus d&rsquo;infos ici<\/a>.<\/li>\n<\/ul>\n\n\n\n<h3 class=\"wp-block-heading\">2011-2012:<\/h3>\n\n\n\n<ul class=\"wp-block-list\">\n<li><em>Ao\u00fbt 2012:<\/em>&nbsp;Cours de remise \u00e0 niveau en&nbsp;<strong>Math\u00e9matiques<\/strong>&nbsp;(niveau Terminale S), en Ecole d&rsquo;\u00e9t\u00e9 AMERINSA \u00e0 l&rsquo;INSA de Lyon.<\/li>\n<\/ul>\n\n\n\n<h3 class=\"wp-block-heading\">Divers:<\/h3>\n\n\n\n<ul class=\"wp-block-list\">\n<li>R\u00e9daction d&rsquo;annales de concours aux Grandes Ecoles aux Editions H&amp;K:&nbsp;<a href=\"https:\/\/www.doc-solus.fr\/prepa\/sci\/adc\/bin\/view.corrige.html?q=PSI_MATHS_CENTRALE_1_2010\">Centrale Maths PSI 2010<\/a>&nbsp;et&nbsp;<a href=\"https:\/\/www.doc-solus.fr\/prepa\/sci\/adc\/bin\/view.corrige.html?q=PC_MATHS_CENTRALE_1_2010\">Centrale Maths PC 2010<\/a>.<\/li>\n<\/ul>\n","protected":false},"excerpt":{"rendered":"<p>Responsabilit\u00e9s collectives Cours en ligne En ce moment (Universit\u00e9 Grenoble Alpes): 2017-2022 (Universit\u00e9 Clermont Auvergne): 2016-2017: 2015-2016: 2014-2015: 2013-2014: 2012-2013: 2011-2012: Divers:<\/p>\n","protected":false},"author":1,"featured_media":0,"parent":0,"menu_order":0,"comment_status":"closed","ping_status":"closed","template":"","meta":{"footnotes":""},"class_list":["post-16","page","type-page","status-publish","hentry"],"_links":{"self":[{"href":"https:\/\/pagesperso.g-scop.grenoble-inp.fr\/aurelielagoutte\/wp-json\/wp\/v2\/pages\/16","targetHints":{"allow":["GET"]}}],"collection":[{"href":"https:\/\/pagesperso.g-scop.grenoble-inp.fr\/aurelielagoutte\/wp-json\/wp\/v2\/pages"}],"about":[{"href":"https:\/\/pagesperso.g-scop.grenoble-inp.fr\/aurelielagoutte\/wp-json\/wp\/v2\/types\/page"}],"author":[{"embeddable":true,"href":"https:\/\/pagesperso.g-scop.grenoble-inp.fr\/aurelielagoutte\/wp-json\/wp\/v2\/users\/1"}],"replies":[{"embeddable":true,"href":"https:\/\/pagesperso.g-scop.grenoble-inp.fr\/aurelielagoutte\/wp-json\/wp\/v2\/comments?post=16"}],"version-history":[{"count":9,"href":"https:\/\/pagesperso.g-scop.grenoble-inp.fr\/aurelielagoutte\/wp-json\/wp\/v2\/pages\/16\/revisions"}],"predecessor-version":[{"id":148,"href":"https:\/\/pagesperso.g-scop.grenoble-inp.fr\/aurelielagoutte\/wp-json\/wp\/v2\/pages\/16\/revisions\/148"}],"wp:attachment":[{"href":"https:\/\/pagesperso.g-scop.grenoble-inp.fr\/aurelielagoutte\/wp-json\/wp\/v2\/media?parent=16"}],"curies":[{"name":"wp","href":"https:\/\/api.w.org\/{rel}","templated":true}]}}