{"id":8,"date":"2022-03-30T14:23:20","date_gmt":"2022-03-30T12:23:20","guid":{"rendered":"https:\/\/pagesperso.g-scop.grenoble-inp.fr\/alexandretalon\/?page_id=8"},"modified":"2022-04-04T19:40:33","modified_gmt":"2022-04-04T17:40:33","slug":"enseignements","status":"publish","type":"page","link":"https:\/\/pagesperso.g-scop.grenoble-inp.fr\/alexandretalon\/enseignements\/","title":{"rendered":"Enseignements"},"content":{"rendered":"<h3>Ann\u00e9e 2021-2022<\/h3>\n<p>En tant qu&rsquo;ATER \u00e0 l&rsquo;Ensimag et pr\u00e9pa Grenoble INP, j&rsquo;interviens dans les modules suivants, pour un total de 192h&nbsp; :<\/p>\n<ul>\n<li>Charg\u00e9 de cours-TD : Analyse et conception objet de logiciels (2e ann\u00e9e Ensimag)<\/li>\n<li>Charg\u00e9 de TP d&rsquo;Introduction aux r\u00e9seaux (1e ann\u00e9e Ensimag)<\/li>\n<li>Charg\u00e9 de TP d&rsquo;Unix : introduction et programmation shell<\/li>\n<li>Charg\u00e9 de TD et TP Python (2e ann\u00e9e pr\u00e9pa Grenoble INP)<\/li>\n<li>Charg\u00e9 de TD de Recherche op\u00e9rationnelle (1e ann\u00e9e Ensimag)<\/li>\n<li>Charg\u00e9 d&rsquo;algorithmique et structures de donn\u00e9es (1e ann\u00e9e Ensimag)<\/li>\n<\/ul>\n<h3>Ann\u00e9e 2020-2021<\/h3>\n<p>Lors de mon postdoctorat, j&rsquo;ai pu \u00eatre en charge d&rsquo;un groupe en cours-TD d&rsquo;Algorithmique et structure de donn\u00e9es pour des \u00e9tudiants en premi\u00e8re ann\u00e9e de DUT.<\/p>\n<h3>Ann\u00e9e&nbsp; 2019-2020<\/h3>\n<p><span style=\"font-size: revert;color: initial\">Pendant que je terminais ma th\u00e8se, suite \u00e0 une c\u00e9sure de 3 mois, je ne pouvais pas prolonger mes ACE. J&rsquo;ai ainsi choisi d&rsquo;enseigner en tant que vacataire : des TD+TP d&rsquo;algorithmique et programmation C en L1 \u00e0 l&rsquo;Universit\u00e9 Lyon 1, afin de varier le type de public \u00e0 qui j&rsquo;avais enseign\u00e9 jusq l\u00e0 ; des TP de Th\u00e9orie de la programmation (utilisation de Coq) \u00e0 des L3 de l&rsquo;ENS de Lyon, pour combler un manque d&rsquo;enseignants.<\/span><\/p>\n<h3>Ann\u00e9es 2016-2019<\/h3>\n<p>J&rsquo;ai donn\u00e9 des TD\/TP en informatique pendant mes 3 ans de th\u00e8se, sous forme d&rsquo;ACE. J&rsquo;ai donn\u00e9 des TD et TP en L3 \u00e0 l&rsquo;ENS de Lyon. J&rsquo;ai co-encadr\u00e9 le TP \u00ab Competitive programming \u00bb pendant trois ans, et ai aussi donn\u00e9 des TD d&rsquo;Algorithmique 1, des TD et TP d&rsquo;ASR (Architecture syst\u00e8mes et r\u00e9seaux) 1 et ASR 2.<\/p>\n","protected":false},"excerpt":{"rendered":"<p>Ann\u00e9e 2021-2022 En tant qu&rsquo;ATER \u00e0 l&rsquo;Ensimag et pr\u00e9pa Grenoble INP, j&rsquo;interviens dans les modules suivants, pour un total de 192h&nbsp; : Charg\u00e9 de cours-TD : Analyse et conception objet de logiciels (2e ann\u00e9e Ensimag) Charg\u00e9 de TP d&rsquo;Introduction aux r\u00e9seaux (1e ann\u00e9e Ensimag) Charg\u00e9 de TP d&rsquo;Unix : introduction&#8230; <a class=\"continue-reading-link\" href=\"https:\/\/pagesperso.g-scop.grenoble-inp.fr\/alexandretalon\/enseignements\/\"> Continue reading <span class=\"meta-nav\">&rarr; <\/span><\/a><\/p>\n","protected":false},"author":1,"featured_media":0,"parent":0,"menu_order":0,"comment_status":"closed","ping_status":"closed","template":"","meta":{"footnotes":""},"class_list":["post-8","page","type-page","status-publish","hentry"],"_links":{"self":[{"href":"https:\/\/pagesperso.g-scop.grenoble-inp.fr\/alexandretalon\/wp-json\/wp\/v2\/pages\/8","targetHints":{"allow":["GET"]}}],"collection":[{"href":"https:\/\/pagesperso.g-scop.grenoble-inp.fr\/alexandretalon\/wp-json\/wp\/v2\/pages"}],"about":[{"href":"https:\/\/pagesperso.g-scop.grenoble-inp.fr\/alexandretalon\/wp-json\/wp\/v2\/types\/page"}],"author":[{"embeddable":true,"href":"https:\/\/pagesperso.g-scop.grenoble-inp.fr\/alexandretalon\/wp-json\/wp\/v2\/users\/1"}],"replies":[{"embeddable":true,"href":"https:\/\/pagesperso.g-scop.grenoble-inp.fr\/alexandretalon\/wp-json\/wp\/v2\/comments?post=8"}],"version-history":[{"count":9,"href":"https:\/\/pagesperso.g-scop.grenoble-inp.fr\/alexandretalon\/wp-json\/wp\/v2\/pages\/8\/revisions"}],"predecessor-version":[{"id":42,"href":"https:\/\/pagesperso.g-scop.grenoble-inp.fr\/alexandretalon\/wp-json\/wp\/v2\/pages\/8\/revisions\/42"}],"wp:attachment":[{"href":"https:\/\/pagesperso.g-scop.grenoble-inp.fr\/alexandretalon\/wp-json\/wp\/v2\/media?parent=8"}],"curies":[{"name":"wp","href":"https:\/\/api.w.org\/{rel}","templated":true}]}}