{"id":12,"date":"2022-03-30T14:24:00","date_gmt":"2022-03-30T12:24:00","guid":{"rendered":"https:\/\/pagesperso.g-scop.grenoble-inp.fr\/alexandretalon\/?page_id=12"},"modified":"2022-04-04T19:55:19","modified_gmt":"2022-04-04T17:55:19","slug":"recherche","status":"publish","type":"page","link":"https:\/\/pagesperso.g-scop.grenoble-inp.fr\/alexandretalon\/recherche\/","title":{"rendered":"Recherche"},"content":{"rendered":"\n<p>La grande majorit\u00e9 de ma recherche a \u00e9t\u00e9 faite en th\u00e9orie des graphes, voire en combinatoire. Je suis int\u00e9ress\u00e9 par des probl\u00e8mes structurels tels que la coloration, et la d\u00e9composition de graphes. J&rsquo;ai des comp\u00e9tences en cr\u00e9ation <span style=\"text-decoration: underline\">et optimisation<\/span> de programmes pour de l&rsquo;\u00e9num\u00e9ration de graphes, c&rsquo;est quelque chose qui me pla\u00eet ! Je suis \u00e9galement int\u00e9ress\u00e9 par d&rsquo;autres probl\u00e8mes de th\u00e9orie des graphes, notamment de la certification ou calcul locaux (par chaque sommet) dans les graphes, et aussi des probl\u00e8mes de reconfiguration.<\/p>\n\n\n\n<p><\/p>\n\n\n\n<h2 class=\"wp-block-heading\">Publications<\/h2>\n\n\n\n<ul class=\"wp-block-list\"><li><em>At the bottom of binary analysis: instructions.<\/em>&nbsp;LNCS 13291 (\u00e0 para\u00eetre)<\/li><li><a href=\"https:\/\/www.sciencedirect.com\/science\/article\/abs\/pii\/S0304397520301572\">Gangloff, S., &amp; Talon, A. (2020).&nbsp;<em>Asymptotic growth rate of square grids dominating sets: a symbolic dynamics approach.<\/em>&nbsp;Theoretical Computer Science; 821, 87-101.<\/a><\/li><li><a href=\"https:\/\/dmtcs.episciences.org\/5482\/\">Rao, M., &amp; Talon, A. (2019).&nbsp;<em>The 2-domination and Roman domination numbers of grid graphs.<\/em>&nbsp;Discrete Mathematics &amp; Theoretical Computer Science, 21.<\/a><\/li><li><a href=\"https:\/\/onlinelibrary.wiley.com\/doi\/10.1002\/jgt.22159\">Talon, A., &amp; Kratochv\u0131\u0301l, J. (2018).&nbsp;<em>Completion of the mixed unit interval graphs hierarchy.<\/em>&nbsp;Journal of Graph Theory, 87(3), 317-332.<\/a><\/li><li><a href=\"https:\/\/www.sciencedirect.com\/science\/article\/abs\/pii\/S0166218X17305085\">Fortier, Q., Kir\u00e1ly, C., L\u00e9onard, M., Szigeti, Z., &amp; Talon, A. (2018).&nbsp;<em>Old and new results on packing arborescences in directed hypergraphs.<\/em>&nbsp;Discrete Applied Mathematics, 242, 26-33.<\/a><\/li><li><a href=\"https:\/\/dmtcs.episciences.org\/5482\/\">Rao, M., &amp; Talon, A. (2019).&nbsp;<em>The 2-domination and Roman domination numbers of grid graphs.<\/em>&nbsp;Discrete Mathematics &amp; Theoretical Computer Science, 21.<\/a><\/li><li><a href=\"https:\/\/www.sciencedirect.com\/science\/article\/abs\/pii\/S0012365X17301383\">Botler, F., &amp; Talon, A. (2017).&nbsp;<em>Decomposing 8-regular graphs into paths of length 4.<\/em>&nbsp;Discrete Mathematics, 340(9), 2275-2285..<\/a><\/li><\/ul>\n\n\n\n<p><\/p>\n","protected":false},"excerpt":{"rendered":"<p>La grande majorit\u00e9 de ma recherche a \u00e9t\u00e9 faite en th\u00e9orie des graphes, voire en combinatoire. Je suis int\u00e9ress\u00e9 par des probl\u00e8mes structurels tels que la coloration, et la d\u00e9composition de graphes. J&rsquo;ai des comp\u00e9tences en cr\u00e9ation et optimisation de programmes pour de l&rsquo;\u00e9num\u00e9ration de graphes, c&rsquo;est quelque chose qui&#8230; <a class=\"continue-reading-link\" href=\"https:\/\/pagesperso.g-scop.grenoble-inp.fr\/alexandretalon\/recherche\/\"> Continue reading <span class=\"meta-nav\">&rarr; <\/span><\/a><\/p>\n","protected":false},"author":1,"featured_media":0,"parent":0,"menu_order":0,"comment_status":"closed","ping_status":"closed","template":"","meta":{"footnotes":""},"class_list":["post-12","page","type-page","status-publish","hentry"],"_links":{"self":[{"href":"https:\/\/pagesperso.g-scop.grenoble-inp.fr\/alexandretalon\/wp-json\/wp\/v2\/pages\/12","targetHints":{"allow":["GET"]}}],"collection":[{"href":"https:\/\/pagesperso.g-scop.grenoble-inp.fr\/alexandretalon\/wp-json\/wp\/v2\/pages"}],"about":[{"href":"https:\/\/pagesperso.g-scop.grenoble-inp.fr\/alexandretalon\/wp-json\/wp\/v2\/types\/page"}],"author":[{"embeddable":true,"href":"https:\/\/pagesperso.g-scop.grenoble-inp.fr\/alexandretalon\/wp-json\/wp\/v2\/users\/1"}],"replies":[{"embeddable":true,"href":"https:\/\/pagesperso.g-scop.grenoble-inp.fr\/alexandretalon\/wp-json\/wp\/v2\/comments?post=12"}],"version-history":[{"count":5,"href":"https:\/\/pagesperso.g-scop.grenoble-inp.fr\/alexandretalon\/wp-json\/wp\/v2\/pages\/12\/revisions"}],"predecessor-version":[{"id":44,"href":"https:\/\/pagesperso.g-scop.grenoble-inp.fr\/alexandretalon\/wp-json\/wp\/v2\/pages\/12\/revisions\/44"}],"wp:attachment":[{"href":"https:\/\/pagesperso.g-scop.grenoble-inp.fr\/alexandretalon\/wp-json\/wp\/v2\/media?parent=12"}],"curies":[{"name":"wp","href":"https:\/\/api.w.org\/{rel}","templated":true}]}}